{"id":37342,"date":"2022-05-09T07:37:13","date_gmt":"2022-05-09T07:37:13","guid":{"rendered":"https:\/\/madeira.wprentals.org\/?page_id=37342"},"modified":"2025-03-21T10:54:46","modified_gmt":"2025-03-21T10:54:46","slug":"o-nama","status":"publish","type":"page","link":"https:\/\/clicktrip.hr\/en\/o-nama\/","title":{"rendered":"About us"},"content":{"rendered":"\t\t<div data-elementor-type=\"wp-page\" data-elementor-id=\"37342\" class=\"elementor elementor-37342\">\n\t\t\t\t<div class=\"elementor-element elementor-element-44a7ac3 e-con-full e-flex e-con e-parent\" data-id=\"44a7ac3\" data-element_type=\"container\" data-e-type=\"container\" data-settings=\"{&quot;background_background&quot;:&quot;classic&quot;}\">\n\t\t<div class=\"elementor-element elementor-element-2de333d e-con-full e-flex e-con e-child\" data-id=\"2de333d\" data-element_type=\"container\" data-e-type=\"container\" data-settings=\"{&quot;background_background&quot;:&quot;classic&quot;}\">\n\t\t<div class=\"elementor-element elementor-element-f5ace13 e-con-full e-flex e-con e-child\" data-id=\"f5ace13\" data-element_type=\"container\" data-e-type=\"container\" data-settings=\"{&quot;background_background&quot;:&quot;classic&quot;}\">\n\t\t\t\t<div class=\"elementor-element elementor-element-294869e elementor-widget elementor-widget-heading\" data-id=\"294869e\" data-element_type=\"widget\" data-e-type=\"widget\" data-widget_type=\"heading.default\">\n\t\t\t\t<div class=\"elementor-widget-container\">\n\t\t\t\t\t<h2 class=\"elementor-heading-title elementor-size-default\">Click Trip - Va\u0161 pouzdan partner za najam smje\u0161taja<\/h2>\t\t\t\t<\/div>\n\t\t\t\t<\/div>\n\t\t\t\t<div class=\"elementor-element elementor-element-2af41db elementor-widget elementor-widget-text-editor\" data-id=\"2af41db\" data-element_type=\"widget\" data-e-type=\"widget\" data-widget_type=\"text-editor.default\">\n\t\t\t\t<div class=\"elementor-widget-container\">\n\t\t\t\t\t\t\t\t\t<p data-start=\"805\" data-end=\"922\">Dobrodo\u0161li na Click Trip, platformu za pronalazak savr\u0161enog smje\u0161taja na moru!<\/p><p data-start=\"924\" data-end=\"1147\">Specijalizirani smo za povezivanje gostiju s vlasnicima nekretnina na Viru, Vrsima, Privlaci i Zatonu. Na\u0161a misija je osigurati Vam bezbri\u017ean i ugodan boravak, nude\u0107i isklju\u010divo provjerene i kvalitetne smje\u0161tajne objekte.<\/p>\t\t\t\t\t\t\t\t<\/div>\n\t\t\t\t<\/div>\n\t\t\t\t<div class=\"elementor-element elementor-element-b4b75b0 elementor-widget elementor-widget-button\" data-id=\"b4b75b0\" data-element_type=\"widget\" data-e-type=\"widget\" data-widget_type=\"button.default\">\n\t\t\t\t<div class=\"elementor-widget-container\">\n\t\t\t\t\t\t\t\t\t<div class=\"elementor-button-wrapper\">\n\t\t\t\t\t<a class=\"elementor-button elementor-button-link elementor-size-sm\" href=\"\/kontakt\/\" target=\"_blank\">\n\t\t\t\t\t\t<span class=\"elementor-button-content-wrapper\">\n\t\t\t\t\t\t<span class=\"elementor-button-icon\">\n\t\t\t\t<svg aria-hidden=\"true\" class=\"e-font-icon-svg e-fas-long-arrow-alt-right\" viewBox=\"0 0 448 512\" xmlns=\"http:\/\/www.w3.org\/2000\/svg\"><path d=\"M313.941 216H12c-6.627 0-12 5.373-12 12v56c0 6.627 5.373 12 12 12h301.941v46.059c0 21.382 25.851 32.09 40.971 16.971l86.059-86.059c9.373-9.373 9.373-24.569 0-33.941l-86.059-86.059c-15.119-15.119-40.971-4.411-40.971 16.971V216z\"><\/path><\/svg>\t\t\t<\/span>\n\t\t\t\t\t\t\t\t\t<span class=\"elementor-button-text\">Kontaktirajte nas<\/span>\n\t\t\t\t\t<\/span>\n\t\t\t\t\t<\/a>\n\t\t\t\t<\/div>\n\t\t\t\t\t\t\t\t<\/div>\n\t\t\t\t<\/div>\n\t\t\t\t<\/div>\n\t\t<div class=\"elementor-element elementor-element-998faf9 e-flex e-con-boxed e-con e-child\" data-id=\"998faf9\" data-element_type=\"container\" data-e-type=\"container\" data-settings=\"{&quot;background_background&quot;:&quot;classic&quot;}\">\n\t\t\t\t\t<div class=\"e-con-inner\">\n\t\t\t\t\t<\/div>\n\t\t\t\t<\/div>\n\t\t\t\t<\/div>\n\t\t\t\t<\/div>\n\t\t<div class=\"elementor-element elementor-element-4b76fb6 e-con-full e-flex e-con e-parent\" data-id=\"4b76fb6\" data-element_type=\"container\" data-e-type=\"container\" data-settings=\"{&quot;background_background&quot;:&quot;classic&quot;}\">\n\t\t<div class=\"elementor-element elementor-element-a427021 e-con-full e-flex e-con e-child\" data-id=\"a427021\" data-element_type=\"container\" data-e-type=\"container\" data-settings=\"{&quot;background_background&quot;:&quot;classic&quot;}\">\n\t\t\t\t<div class=\"elementor-element elementor-element-c8ee1e4 elementor-widget elementor-widget-heading\" data-id=\"c8ee1e4\" data-element_type=\"widget\" data-e-type=\"widget\" data-widget_type=\"heading.default\">\n\t\t\t\t<div class=\"elementor-widget-container\">\n\t\t\t\t\t<h2 class=\"elementor-heading-title elementor-size-default\">Fast Facts<\/h2>\t\t\t\t<\/div>\n\t\t\t\t<\/div>\n\t\t<div class=\"elementor-element elementor-element-c0887f5 e-con-full e-flex e-con e-child\" data-id=\"c0887f5\" data-element_type=\"container\" data-e-type=\"container\">\n\t\t<div class=\"elementor-element elementor-element-1e136a2 e-con-full e-flex e-con e-child\" data-id=\"1e136a2\" data-element_type=\"container\" data-e-type=\"container\" data-settings=\"{&quot;background_background&quot;:&quot;classic&quot;}\">\n\t\t\t\t<div class=\"elementor-element elementor-element-9d8a828 elementor-widget elementor-widget-icon-box\" data-id=\"9d8a828\" data-element_type=\"widget\" data-e-type=\"widget\" data-widget_type=\"icon-box.default\">\n\t\t\t\t<div class=\"elementor-widget-container\">\n\t\t\t\t\t\t\t<div class=\"elementor-icon-box-wrapper\">\n\n\t\t\t\n\t\t\t\t\t\t<div class=\"elementor-icon-box-content\">\n\n\t\t\t\t\t\t\t\t\t<h3 class=\"elementor-icon-box-title\">\n\t\t\t\t\t\t<span  >\n\t\t\t\t\t\t\t10 +\t\t\t\t\t\t<\/span>\n\t\t\t\t\t<\/h3>\n\t\t\t\t\n\t\t\t\t\t\t\t\t\t<p class=\"elementor-icon-box-description\">\n\t\t\t\t\t\tSmje\u0161tajnih jedinica\t\t\t\t\t<\/p>\n\t\t\t\t\n\t\t\t<\/div>\n\t\t\t\n\t\t<\/div>\n\t\t\t\t\t\t<\/div>\n\t\t\t\t<\/div>\n\t\t\t\t<\/div>\n\t\t<div class=\"elementor-element elementor-element-cc43f96 e-con-full e-flex e-con e-child\" data-id=\"cc43f96\" data-element_type=\"container\" data-e-type=\"container\" data-settings=\"{&quot;background_background&quot;:&quot;classic&quot;}\">\n\t\t\t\t<div class=\"elementor-element elementor-element-b08adf3 elementor-widget elementor-widget-icon-box\" data-id=\"b08adf3\" data-element_type=\"widget\" data-e-type=\"widget\" data-widget_type=\"icon-box.default\">\n\t\t\t\t<div class=\"elementor-widget-container\">\n\t\t\t\t\t\t\t<div class=\"elementor-icon-box-wrapper\">\n\n\t\t\t\n\t\t\t\t\t\t<div class=\"elementor-icon-box-content\">\n\n\t\t\t\t\t\t\t\t\t<h3 class=\"elementor-icon-box-title\">\n\t\t\t\t\t\t<span  >\n\t\t\t\t\t\t\t200\t\t\t\t\t\t<\/span>\n\t\t\t\t\t<\/h3>\n\t\t\t\t\n\t\t\t\t\t\t\t\t\t<p class=\"elementor-icon-box-description\">\n\t\t\t\t\t\tPozitivnih recenzija na\u0161ih gostiju\t\t\t\t\t<\/p>\n\t\t\t\t\n\t\t\t<\/div>\n\t\t\t\n\t\t<\/div>\n\t\t\t\t\t\t<\/div>\n\t\t\t\t<\/div>\n\t\t\t\t<div class=\"elementor-element elementor-element-7f4ab20 elementor-widget elementor-widget-heading\" data-id=\"7f4ab20\" data-element_type=\"widget\" data-e-type=\"widget\" data-widget_type=\"heading.default\">\n\t\t\t\t<div class=\"elementor-widget-container\">\n\t\t\t\t\t<p class=\"elementor-heading-title elementor-size-default\">do o\u017eujka 2025. F<\/p>\t\t\t\t<\/div>\n\t\t\t\t<\/div>\n\t\t\t\t<\/div>\n\t\t<div class=\"elementor-element elementor-element-ea70684 e-con-full e-flex e-con e-child\" data-id=\"ea70684\" data-element_type=\"container\" data-e-type=\"container\" data-settings=\"{&quot;background_background&quot;:&quot;classic&quot;}\">\n\t\t\t\t<div class=\"elementor-element elementor-element-596c6f9 elementor-widget elementor-widget-icon-box\" data-id=\"596c6f9\" data-element_type=\"widget\" data-e-type=\"widget\" data-widget_type=\"icon-box.default\">\n\t\t\t\t<div class=\"elementor-widget-container\">\n\t\t\t\t\t\t\t<div class=\"elementor-icon-box-wrapper\">\n\n\t\t\t\n\t\t\t\t\t\t<div class=\"elementor-icon-box-content\">\n\n\t\t\t\t\t\t\t\t\t<h3 class=\"elementor-icon-box-title\">\n\t\t\t\t\t\t<span  >\n\t\t\t\t\t\t\t4\t\t\t\t\t\t<\/span>\n\t\t\t\t\t<\/h3>\n\t\t\t\t\n\t\t\t\t\t\t\t\t\t<p class=\"elementor-icon-box-description\">\n\t\t\t\t\t\tprivla\u010dne lokacije na Jadranu\t\t\t\t\t<\/p>\n\t\t\t\t\n\t\t\t<\/div>\n\t\t\t\n\t\t<\/div>\n\t\t\t\t\t\t<\/div>\n\t\t\t\t<\/div>\n\t\t\t\t<\/div>\n\t\t<div class=\"elementor-element elementor-element-0b9fcb6 e-con-full e-flex e-con e-child\" data-id=\"0b9fcb6\" data-element_type=\"container\" data-e-type=\"container\" data-settings=\"{&quot;background_background&quot;:&quot;classic&quot;}\">\n\t\t\t\t<div class=\"elementor-element elementor-element-e7f3f01 elementor-widget elementor-widget-icon-box\" data-id=\"e7f3f01\" data-element_type=\"widget\" data-e-type=\"widget\" data-widget_type=\"icon-box.default\">\n\t\t\t\t<div class=\"elementor-widget-container\">\n\t\t\t\t\t\t\t<div class=\"elementor-icon-box-wrapper\">\n\n\t\t\t\n\t\t\t\t\t\t<div class=\"elementor-icon-box-content\">\n\n\t\t\t\t\t\t\t\t\t<h3 class=\"elementor-icon-box-title\">\n\t\t\t\t\t\t<span  >\n\t\t\t\t\t\t\tod 100\u20ac\t\t\t\t\t\t<\/span>\n\t\t\t\t\t<\/h3>\n\t\t\t\t\n\t\t\t\t\t\t\t\t\t<p class=\"elementor-icon-box-description\">\n\t\t\t\t\t\tcijena no\u0107enja\t\t\t\t\t<\/p>\n\t\t\t\t\n\t\t\t<\/div>\n\t\t\t\n\t\t<\/div>\n\t\t\t\t\t\t<\/div>\n\t\t\t\t<\/div>\n\t\t\t\t<\/div>\n\t\t\t\t<\/div>\n\t\t\t\t<\/div>\n\t\t\t\t<\/div>\n\t\t<div class=\"elementor-element elementor-element-3743628 e-con-full e-flex e-con e-parent\" data-id=\"3743628\" data-element_type=\"container\" data-e-type=\"container\" data-settings=\"{&quot;background_background&quot;:&quot;gradient&quot;}\">\n\t\t<div class=\"elementor-element elementor-element-d23d121 e-con-full e-flex e-con e-child\" data-id=\"d23d121\" data-element_type=\"container\" data-e-type=\"container\" data-settings=\"{&quot;background_background&quot;:&quot;classic&quot;}\">\n\t\t<div class=\"elementor-element elementor-element-0fd5fbd e-con-full e-flex e-con e-child\" data-id=\"0fd5fbd\" data-element_type=\"container\" data-e-type=\"container\" data-settings=\"{&quot;background_background&quot;:&quot;classic&quot;}\">\n\t\t<div class=\"elementor-element elementor-element-e578987 e-con-full e-flex e-con e-child\" data-id=\"e578987\" data-element_type=\"container\" data-e-type=\"container\" data-settings=\"{&quot;background_background&quot;:&quot;classic&quot;}\">\n\t\t\t\t<\/div>\n\t\t\t\t<\/div>\n\t\t<div class=\"elementor-element elementor-element-395f11a e-con-full e-flex e-con e-child\" data-id=\"395f11a\" data-element_type=\"container\" data-e-type=\"container\" data-settings=\"{&quot;background_background&quot;:&quot;classic&quot;}\">\n\t\t\t\t<div class=\"elementor-element elementor-element-5a436f0 elementor-widget elementor-widget-heading\" data-id=\"5a436f0\" data-element_type=\"widget\" data-e-type=\"widget\" data-widget_type=\"heading.default\">\n\t\t\t\t<div class=\"elementor-widget-container\">\n\t\t\t\t\t<h2 class=\"elementor-heading-title elementor-size-default\">Kontaktirajte nas<br>Tu smo za sva Va\u0161a pitanja.<\/h2>\t\t\t\t<\/div>\n\t\t\t\t<\/div>\n\t\t\t\t<div class=\"elementor-element elementor-element-6a6177a elementor-widget elementor-widget-text-editor\" data-id=\"6a6177a\" data-element_type=\"widget\" data-e-type=\"widget\" data-widget_type=\"text-editor.default\">\n\t\t\t\t<div class=\"elementor-widget-container\">\n\t\t\t\t\t\t\t\t\t<p>Imate pitanja o smje\u0161taju ili \u017eelite rezervirati? Rado \u0107emo Vam pomo\u0107i! <\/p><p>Kontaktirajte nas putem e-maila, telefona ili ispunite kontakt formu.<\/p>\t\t\t\t\t\t\t\t<\/div>\n\t\t\t\t<\/div>\n\t\t\t\t<div class=\"elementor-element elementor-element-aca1a19 elementor-button-align-stretch elementor-widget elementor-widget-WpRentals_Contact_Form_Builder\" data-id=\"aca1a19\" data-element_type=\"widget\" data-e-type=\"widget\" data-widget_type=\"WpRentals_Contact_Form_Builder.default\">\n\t\t\t\t<div class=\"elementor-widget-container\">\n\t\t\t\t\t\n\n\n\n\n\t\t\t<form class=\"elementor-form wprentals_elementor_form\"  id=\"wprentals-elementor-form-aca1a19\" method=\"post\" >\n            <div id=\"booking_form_request_mess_modal\"><\/div>\n\n            <input name=\"prop_id\" type=\"hidden\"  id=\"contact_form_elementor\" value=\"1\">\n            <input type=\"hidden\" name=\"contact_ajax_nonce\" id=\"agent_property_ajax_nonce\"  value=\"220eecab18\" \/>\n\n            <input type=\"hidden\" id=\"elementor_email_subject\" name=\"email_suject\" value=\"Novi upit sa Click Trip - Kontakt forme\" \/>\n\n\t\t\t\t\t\t<div class=\"elementor-form-fields-wrapper elementor-labels-above\">\n\t\t\t\t\t\t\t\t<div class=\"elementor-field-group elementor-column form-group elementor-field-group-name elementor-field-required elementor-col-50\"><label for=\"form-field-name\" class=\"elementor-field-label\">Ime*<\/label><input type=\"text\" name=\"name\" id=\"rentals_contact_builder_name\" class=\"elementor-field form-control elementor-size-md elementor-field-textual\" required=\"required\" placeholder=\"Ime\"><\/div><div class=\"elementor-field-group elementor-column form-group elementor-field-group-f3d6a5a elementor-field-required elementor-col-50\"><label for=\"form-field-f3d6a5a\" class=\"elementor-field-label\">Broj telefona*<\/label><input type=\"text\" name=\"mobile\" id=\"rentals_contact_builder_mobile\" class=\"elementor-field form-control elementor-size-md elementor-field-textual\" required=\"required\" placeholder=\"Broj telefona\"><\/div><div class=\"elementor-field-group elementor-column form-group elementor-field-group-email elementor-field-required elementor-col-50\"><label for=\"form-field-email\" class=\"elementor-field-label\">Email*<\/label><input type=\"email\" name=\"email\" id=\"rentals_contact_builder_email\" class=\"elementor-field form-control elementor-size-md elementor-field-textual\" required=\"required\" placeholder=\"Email\"><\/div><div class=\"elementor-field-group elementor-column form-group elementor-field-group-e7b3924 elementor-col-50\"><label for=\"form-field-e7b3924\" class=\"elementor-field-label\">Gosti<\/label><input type=\"text\" name=\"guests\" id=\"rentals_contact_builder_guests\" class=\"elementor-field form-control elementor-size-md elementor-field-textual\" placeholder=\"Broj gostiju\"><\/div><div class=\"elementor-field-group elementor-column form-group elementor-field-group-booking_from_date elementor-field-required elementor-col-50\"><label for=\"form-field-booking_from_date\" class=\"elementor-field-label\">Datum dolaska*<\/label><input type=\"text\" name=\"booking_from_date\" id=\"rentals_contact_builder_booking_from_date\" class=\"elementor-field form-control elementor-size-md elementor-field-textual\" required=\"required\" placeholder=\"Datum dolaska\"><\/div><div class=\"elementor-field-group elementor-column form-group elementor-field-group-33e7c46 elementor-field-required elementor-col-50\"><label for=\"form-field-33e7c46\" class=\"elementor-field-label\">Datum odlaska*<\/label><input type=\"text\" name=\"booking_to_date\" id=\"rentals_contact_builder_booking_to_date\" class=\"elementor-field form-control elementor-size-md elementor-field-textual\" required=\"required\" placeholder=\"Datum odlaska\"><\/div><div class=\"elementor-field-group elementor-column form-group elementor-field-group-message elementor-col-100\"><label for=\"form-field-message\" class=\"elementor-field-label\">Poruka<\/label><textarea class=\"form-control elementor-field-textual elementor-field elementor-size-md\" name=\"message\" id=\"form-field-message\" rows=\"4\" placeholder=\"Poruka\"><\/textarea><\/div>\n\t\t\t\t\t\t\t\t<div class=\"elementor-field-group elementor-column elementor-field-type-submit elementor-col-100\">\n\t\t\t\t\t\t\t\t\t<div class=\"gpr_wrapper\"><input type=\"checkbox\" id=\"wpestate_agree_gdpr\" class=\"wpestate_agree_gdpr\" name=\"wpestate_agree_gdpr\" \/>\n\t\t\t\t\t\t\t\t\t\t\t\t\t\t<label for=\"wpestate_agree_gdpr\"><a target=\"_blank\" href=\"https:\/\/clicktrip.hr\/gdpr-terms-and-conditions\/\">Prihva\u0107am Pravila privatnosti<\/a><\/label><\/div>\n\t\t\t\t\t\t\t\t\t\t\t\t\t\t\t\t\t\t\t\t\t<button type=\"submit\" class=\"agent_submit_class_elementor wpresidence_button wprentals_button_elementor elementor-button elementor-size-md\">\n\t\t\t\t\t\t\t\t\t\t\t\t\t\t\t\t\t\t\t\t\t\t\t\tPo\u0161alji upit\t\t\t\t\t\t\t\t\t\t\t\t\t\t\t\t\t\t\t\t<\/button>\n\n\t\t\t\t\t\t\t\t<\/div>\n\t\t\t\t\t\t<\/div>\n\n\n\n\t\t\t\t<\/form>\n        <script>\n\n            jQuery(document).ready(function() {\n           \n                jQuery('input[name=\"booking_from_date\"]').each(function(){             \n                    var item_parent =   jQuery(this).parent().parent();\n                    var in_date     =   item_parent.find('input[name=\"booking_from_date\"]') .attr('id');\n                    var out_date    =   item_parent.find('input[name=\"booking_to_date\"]') .attr('id');\n                    console.log('in_date : '+in_date +\" out_date \"+out_date);\n                    wpestaste_check_in_out_enable_new(in_date, out_date);\n                    \n                });\n                wprentals_elementor_submit_form();\n            });\n        <\/script>\n\n\n\n    \t\t\t\t<\/div>\n\t\t\t\t<\/div>\n\t\t\t\t<\/div>\n\t\t\t\t<\/div>\n\t\t\t\t<\/div>\n\t\t<div class=\"elementor-element elementor-element-1d09111 e-con-full e-flex e-con e-parent\" data-id=\"1d09111\" data-element_type=\"container\" data-e-type=\"container\" data-settings=\"{&quot;background_background&quot;:&quot;classic&quot;}\">\n\t\t<div class=\"elementor-element elementor-element-9042715 e-con-full e-flex e-con e-child\" data-id=\"9042715\" data-element_type=\"container\" data-e-type=\"container\">\n\t\t\t\t<div class=\"elementor-element elementor-element-2525fd5 elementor-widget elementor-widget-heading\" data-id=\"2525fd5\" data-element_type=\"widget\" data-e-type=\"widget\" data-widget_type=\"heading.default\">\n\t\t\t\t<div class=\"elementor-widget-container\">\n\t\t\t\t\t<h2 class=\"elementor-heading-title elementor-size-default\">Na\u0161i preporu\u010deni smje\u0161taji<\/h2>\t\t\t\t<\/div>\n\t\t\t\t<\/div>\n\t\t\t\t<div class=\"elementor-element elementor-element-42b67be elementor-widget elementor-widget-heading\" data-id=\"42b67be\" data-element_type=\"widget\" data-e-type=\"widget\" data-widget_type=\"heading.default\">\n\t\t\t\t<div class=\"elementor-widget-container\">\n\t\t\t\t\t<h2 class=\"elementor-heading-title elementor-size-default\">Izdvojene vile, apartmani i ku\u0107e za odmor \u2013 odaberite idealan smje\u0161taj za va\u0161 bezbri\u017ean odmor!<\/h2>\t\t\t\t<\/div>\n\t\t\t\t<\/div>\n\t\t\t\t<\/div>\n\t\t<div class=\"elementor-element elementor-element-c926555 e-con-full e-flex e-con e-child\" data-id=\"c926555\" data-element_type=\"container\" data-e-type=\"container\">\n\t\t\t\t<div class=\"elementor-element elementor-element-da47bea elementor-widget elementor-widget-Wprentals_Content_grid\" data-id=\"da47bea\" data-element_type=\"widget\" data-e-type=\"widget\" data-widget_type=\"Wprentals_Content_grid.default\">\n\t\t\t\t<div class=\"elementor-widget-container\">\n\t\t\t\t\t<div class=\"wpestate_content_grid_wrapper\"><div class=\"wpestate_content_grid_wrapper_first_col\">\n<div class=\"property_unit_big_grid_content_wrapper property_listing\" data-link=\"https:\/\/clicktrip.hr\/en\/smjestaj\/apartmani-branka\/\">\n\n    <div class=\"property_unit_big_grid_content\" style=\"background-image:url('https:\/\/clicktrip.hr\/wp-content\/uploads\/2015\/04\/Apartments-Branka-Vir-7-805x453.jpg')\"><\/div>\n    <div class=\"listing-hover-gradient\"><\/div>\n\n    <div class=\"property_unit_content_grid_big_details\">\n        <div class=\"featured_property_stars\"> <\/div>\n\n        <div class=\"listing_unit_price_wrapper\">\n            70 \u20ac -180\u20ac <div class=\"featured_price_label\"><span class=\"pernight\">\/night<\/span><\/div>        <\/div>\n        <h4>\n            <a href=\"https:\/\/clicktrip.hr\/en\/smjestaj\/apartmani-branka\/\" target=&quot;&quot;>\n                Apartment Branka A1\/A3  jacuzzi            <\/a>\n        <\/h4>\n        <div class=\"property_unit_content_grid_big_details_location\">\n            Miljkovica XX 5, Vir, <a href=\"https:\/\/clicktrip.hr\/en\/grad\/vir\/\" rel=\"tag\">Vir<\/a>        <\/div>\n    <\/div>\n<\/div>\n<\/div><div class=\"wpestate_content_grid_wrapper_second_col\">\n<div class=\"wpestate_content_grid_wrapper_second_col_item_wrapper\" data-listid=\"141\" >\n    <div class=\"wpestate_content_grid_wrapper_second_col_image property_listing\" style=\"background-image:url('https:\/\/clicktrip.hr\/wp-content\/uploads\/2025\/04\/IMG_20250408_145632-3.jpg')\" data-link=\"https:\/\/clicktrip.hr\/en\/smjestaj\/apartmani-maja-vir-a1\/\"><\/div>\n\n    <div class=\"property_unit_content_grid_small_details\">\n        \n\n        <div class=\"listing_unit_price_wrapper\">\n            70 EUR <div class=\"featured_price_label\"><span class=\"pernight\">\/night<\/span><\/div>        <\/div>\n\n    \n        <h4>\n            <a href=\"https:\/\/clicktrip.hr\/en\/smjestaj\/apartmani-maja-vir-a1\/\" target=\"\">\n                Studio apartman Maja Vir \u2013 A1            <\/a>\n        <\/h4>\n        <div class=\"property_unit_content_grid_small_details_location property_unit_content_grid_small_address \">\n            Prilaz kralja Tomislava III 15, Vir, <a href=\"https:\/\/clicktrip.hr\/en\/grad\/vir\/\" rel=\"tag\">Vir<\/a>        <\/div>\n        <div class=\"property_unit_content_grid_small_details_location\">\n            1 Bedrooms<span class=\"wpestate_separator_dot\">&#183;<\/span>1 Baths<span class=\"wpestate_separator_dot\">&#183;<\/span>2 Guests        <\/div>\n    <\/div>\n<\/div>\n\n<div class=\"wpestate_content_grid_wrapper_second_col_item_wrapper\" data-listid=\"137\" >\n    <div class=\"wpestate_content_grid_wrapper_second_col_image property_listing\" style=\"background-image:url('https:\/\/clicktrip.hr\/wp-content\/uploads\/2025\/02\/Villa-Mariva-Vir-14.jpg')\" data-link=\"https:\/\/clicktrip.hr\/en\/smjestaj\/villa-mariva\/\"><\/div>\n\n    <div class=\"property_unit_content_grid_small_details\">\n        \n\n        <div class=\"listing_unit_price_wrapper\">\n            180 EUR -405\u20ac <div class=\"featured_price_label\"><span class=\"pernight\">\/night<\/span><\/div>        <\/div>\n\n    \n        <h4>\n            <a href=\"https:\/\/clicktrip.hr\/en\/smjestaj\/villa-mariva\/\" target=\"\">\n                Villa Mariva &#8211; Vir            <\/a>\n        <\/h4>\n        <div class=\"property_unit_content_grid_small_details_location property_unit_content_grid_small_address \">\n            Brklja\u010dina 1 A, <a href=\"https:\/\/clicktrip.hr\/en\/grad\/vir\/\" rel=\"tag\">Vir<\/a>        <\/div>\n        <div class=\"property_unit_content_grid_small_details_location\">\n            3 Bedrooms<span class=\"wpestate_separator_dot\">&#183;<\/span>3 Baths<span class=\"wpestate_separator_dot\">&#183;<\/span>7 Guests        <\/div>\n    <\/div>\n<\/div>\n\n<div class=\"wpestate_content_grid_wrapper_second_col_item_wrapper\" data-listid=\"133\" >\n    <div class=\"wpestate_content_grid_wrapper_second_col_image property_listing\" style=\"background-image:url('https:\/\/clicktrip.hr\/wp-content\/uploads\/2025\/03\/Lorena-Vrsi-61.jpg')\" data-link=\"https:\/\/clicktrip.hr\/en\/smjestaj\/villa-vrsi-private-pool\/\"><\/div>\n\n    <div class=\"property_unit_content_grid_small_details\">\n        \n\n        <div class=\"listing_unit_price_wrapper\">\n            180 EUR -360\u20ac <div class=\"featured_price_label\"><span class=\"pernight\">\/night<\/span><\/div>        <\/div>\n\n    \n        <h4>\n            <a href=\"https:\/\/clicktrip.hr\/en\/smjestaj\/villa-vrsi-private-pool\/\" target=\"\">\n                Villa Lorena            <\/a>\n        <\/h4>\n        <div class=\"property_unit_content_grid_small_details_location property_unit_content_grid_small_address \">\n            Kroz Jamine 39, Vrsi, <a href=\"https:\/\/clicktrip.hr\/en\/grad\/vrsi\/\" rel=\"tag\">Vrsi<\/a>        <\/div>\n        <div class=\"property_unit_content_grid_small_details_location\">\n            3 Bedrooms<span class=\"wpestate_separator_dot\">&#183;<\/span>3 Baths<span class=\"wpestate_separator_dot\">&#183;<\/span>6 Guests        <\/div>\n    <\/div>\n<\/div>\n<\/div><\/div>\t\t\t\t<\/div>\n\t\t\t\t<\/div>\n\t\t\t\t<\/div>\n\t\t\t\t<\/div>\n\t\t\t\t<\/div>\n\t\t","protected":false},"excerpt":{"rendered":"<p>Click Trip &#8211; Va\u0161 pouzdan partner za najam smje\u0161taja Dobrodo\u0161li na Click Trip, platformu za pronalazak savr\u0161enog smje\u0161taja na moru! Specijalizirani smo za povezivanje gostiju s vlasnicima nekretnina na Viru, Vrsima, Privlaci i Zatonu. Na\u0161a misija je osigurati Vam bezbri\u017ean i ugodan boravak, nude\u0107i isklju\u010divo provjerene i kvalitetne smje\u0161tajne objekte. Kontaktirajte nas Fast Facts 10 &#8230;<\/p>","protected":false},"author":1,"featured_media":0,"parent":0,"menu_order":0,"comment_status":"closed","ping_status":"closed","template":"elementor_header_footer","meta":{"inline_featured_image":false,"footnotes":""},"class_list":["post-37342","page","type-page","status-publish","hentry"],"aioseo_notices":[],"_links":{"self":[{"href":"https:\/\/clicktrip.hr\/en\/wp-json\/wp\/v2\/pages\/37342","targetHints":{"allow":["GET"]}}],"collection":[{"href":"https:\/\/clicktrip.hr\/en\/wp-json\/wp\/v2\/pages"}],"about":[{"href":"https:\/\/clicktrip.hr\/en\/wp-json\/wp\/v2\/types\/page"}],"author":[{"embeddable":true,"href":"https:\/\/clicktrip.hr\/en\/wp-json\/wp\/v2\/users\/1"}],"replies":[{"embeddable":true,"href":"https:\/\/clicktrip.hr\/en\/wp-json\/wp\/v2\/comments?post=37342"}],"version-history":[{"count":0,"href":"https:\/\/clicktrip.hr\/en\/wp-json\/wp\/v2\/pages\/37342\/revisions"}],"wp:attachment":[{"href":"https:\/\/clicktrip.hr\/en\/wp-json\/wp\/v2\/media?parent=37342"}],"curies":[{"name":"wp","href":"https:\/\/api.w.org\/{rel}","templated":true}]}}